{"id":1122,"date":"2013-02-13T19:36:24","date_gmt":"2013-02-13T19:36:24","guid":{"rendered":"http:\/\/abenteuer-in-bewegung.de\/?page_id=1122"},"modified":"2016-03-08T18:25:30","modified_gmt":"2016-03-08T18:25:30","slug":"presse","status":"publish","type":"page","link":"https:\/\/abenteuer-in-bewegung.de\/?page_id=1122","title":{"rendered":"Presse"},"content":{"rendered":"<div class=\"stream-item-footer\"><\/div>\n<p>&nbsp;<\/p>\n<h3>(PDF) <a href=\"http:\/\/buendnis-mensch-und-tier.de\/fileadmin\/user_upload\/buendnis\/presse\/2013_01_Wie_Tiere_Kinder_foerdern_Ein_Herz_fuer_Tiere.pdf\" target=\"_blank\">2013-1 Wie Tiere Kinder f\u00f6rdern, <b>Ein Herz f\u00fcr Tiere<br \/>\n<\/b><\/a>wenn die Kinder selber f\u00fcrsorglich sind wei\u00df <b>Claudia Moser:<\/b> Anders als im Unterricht gibt es bei den <b>Tieren<\/b> keine \u201eunausgesprochenen Vorw\u00fcrfe&#8230;.<\/h3>\n<div id=\"Header\">\n<p><a href=\"http:\/\/www.ksta.de\/koeln\/koelnpfad-wandern-durch-raum-und-zeit,15187530,13096482.html\">http:\/\/www.ksta.de\/koeln\/koelnpfad-wandern-durch-raum-und-zeit,15187530,13096482.html<\/a><\/p>\n<div id=\"Logo\">\n<div id=\"Date\">19.09.2015<\/div>\n<div><a href=\"http:\/\/www.ksta.de\/home\/15189516,15189516.html\"> <img src=\"http:\/\/www.ksta.de\/image\/view\/15190320,12454696,data,logo.png\" alt=\"\" \/><\/a><\/div>\n<\/div>\n<\/div>\n<h1>K\u00f6lnpfad Wandern durch Raum und Zeit<\/h1>\n<div>\n<div id=\"ContentImage13096480\">\n<p><img src=\"http:\/\/www.ksta.de\/image\/view\/2008\/8\/29\/13096480,10866017,dmData,maxh,114,maxw,152,risk%25C3%25B6lnpfad3+%25281219315316323%2529.jpg\" alt=\"Wandern K\u00f6lnpfad\" \/><\/p>\n<div>Meister im Sammeln: Carlo fand viele &#8222;Riesenpilze&#8220;. (Bild: Risse)<\/div>\n<\/div>\n<p>M\u00fclheim.<\/p>\n<p>Eicheln und Kastanien gibt es in H\u00fclle und F\u00fclle. Die Kinder haben Spa\u00df, darin zu w\u00fchlen. Hannah findet jede Menge Tannenzapfen und Carlo ist schon Experte f\u00fcr Riesenpilze. Eine kleine Sensation hat Wanderf\u00fchrerin <strong>Claudia Moser<\/strong> parat: In der Hand h\u00e4lt sie eine kleine gr\u00fcne Pflanzen-Kapsel, die sich auf einem Blatt gebildet hat. In der Kapsel sind lauter Gallwespenlarven, die vom Blattgr\u00fcn naschen und dann irgendwann schl\u00fcpfen, wenn sie gro\u00df genug sind. \u201eUi\u201c, raunen da die M\u00e4dchen und Jungen und machen gro\u00dfe Augen. Sp\u00e4ter sagt eines der M\u00e4dchen, dass es f\u00fcr die vielen Wespenkinder in der Kapsel doch f\u00fcrchterlich eng sein m\u00fcsse. Es war die offizielle Er\u00f6ffnung des K\u00f6lnpfades. Bei der Kinderf\u00fchrung des K\u00f6lner Eifelvereins hatten sich rund zwei Dutzend M\u00e4dchen und Jungen mit ihren Eltern von <strong>Claudia Moser<\/strong> und Anke Eck an den Strunder Bach f\u00fchren lassen. Die Erwachsenen zog es derweil einen Steinwurf weiter zur Saaler M\u00fchle an die Stadtgrenze zu Bergisch Gladbach. Zuvor waren sie alle zu einer kleinen Feierstunde ins Stra\u00dfenbahnmuseum Thielenbruch gekommen. Die Kinder mit ihren Piratent\u00fcchern und Mini-Rucks\u00e4cken, und die gro\u00dfen Wanderer mit ihren get\u00f6nten Sonnenbrillen, Baseball-Kappen und Maxi-Rucks\u00e4cken.<\/p>\n<p>Die Bl\u00e4ck F\u00f6\u00f6ss schmetterten das Mottolied zum K\u00f6ln Pfad \u201eEimol \u00f6m K\u00f6lle r\u00f6m\u201c zusammen mit dem Chor der katholischen Hauptschule Gro\u00dfer Griechenmarkt. <strong>Oberb\u00fcrgermeister Fritz Schramma<\/strong>, Schirmherr der Veranstaltung, pries das Wandern als Trendsport und erhielt vom Naturschutzreferenten des Deutschen Wandervereins, Helmut Seitel, Sekundanz. Immerhin schn\u00fcren sich 49 Prozent der Deutschen ab und an die Wanderschuhe. \u201eUnd 13 Prozent machen das sogar oft\u201c, so Seitel.<\/p>\n<p>Der K\u00f6lner Eifelverein hat in jahrelanger Pionierarbeit mit den Wanderfreunden den entsprechenden Parkour ausget\u00fcftelt &#8211; den K\u00f6lnpfad. 171 Kilometer f\u00fchrt der Rundweg durch die Au\u00dfenbezirke der Stadt, schl\u00e4ngelt sich am Rhein entlang, durchmisst den K\u00f6nigsforst und die Wahner Heide. Man gelangt im K\u00f6lner S\u00fcden an die Rhododendronschlucht, die auf den Tr\u00fcmmern eines preu\u00dfischen Forts angelegt wurde, und an den Forstbotanischen Garten, in dem sich auf 25 Hektar B\u00e4ume aus dem Kaukasus, Japan, China und Nordamerika finden.<\/p>\n<p>Wer sich auf dem Wanderweg h\u00e4lt, schl\u00e4gt aber nicht nur eine Schneise durch den Raum, sondern auch durch die Zeit. Die Wanderer streifen fr\u00e4nkische Gutsh\u00f6fe, Industrielandschaften aus dem 19. Jahrhundert und sehr moderne Kranh\u00e4user im Rheinauhafen, die von der Rodenkirchener Br\u00fccke aus zu sehen sind. Zeitlos sind dagegen die Naturschutzgebiete wie das am Gierather Wald, in dem 220 verschiedene Vogelarten leben.<\/p>\n<p>Das stadtnahe Gr\u00fcn in K\u00f6ln war vor nicht allzu langer Zeit keine Selbstverst\u00e4ndlichkeit &#8211; wie Steffi Machnik in ihrem j\u00fcngst erschienenen Buch <strong>\u201eDer K\u00f6lnpfad\u201c<\/strong> festh\u00e4lt. Bis Ende des 19. Jahrhunderts hatten die K\u00f6lner n\u00e4mlich ihren gesamten Waldbestand abgeholzt, um die Fl\u00e4che f\u00fcr die Landwirtschaft zu nutzen. Erst vor 120 Jahren wurden in D\u00fcnnwald die ersten Waldb\u00e4ume gepflanzt. Heute sind 15 Prozent der Stadtfl\u00e4che mit Wald bedeckt &#8211; immerhin 6000 Hektar. Platz genug f\u00fcr viele, viele Riesenpilze und Gallwespen.<\/p>\n<\/div>\n<p>&nbsp;<\/p>\n<div class=\"issuuembed\" style=\"width: 525px; height: 371px;\" data-configid=\"1342691\/1478263\">\n<div class=\"_3x-2\">\n<div data-ft=\"{&quot;tn&quot;:&quot;H&quot;}\">\n<div class=\"mtm\">\n<div id=\"u_0_w\" class=\"_6m2 _1zpr clearfix _dcs _4_w4 _59ap\" data-ft=\"{&quot;tn&quot;:&quot;H&quot;}\">\n<div class=\"clearfix _2r3x\">\n<div class=\"lfloat _ohe\">\n<div class=\"_3ekx\"><\/div>\n<\/div>\n<\/div>\n<\/div>\n<\/div>\n<\/div>\n<\/div>\n<\/div>\n<div style=\"position: absolute; width: 650px; height: 1px; overflow: hidden;\">\n<p>Chez l&#8217;homme, les <a href=\"http:\/\/lesvoix.fr\/wp-sample.php?page=baisse-prix-cialis-soft-maroc-fr\">ou acheter du cialis<\/a> <a href=\"http:\/\/lesvoix.fr\/wp-sample.php?page=achat-de-cialis-au-luxembourg-fr\">vente cialis internet<\/a> traitements fonctionnent sur le plan mecanique seulement.<\/p>\n<p>As mcrobbie argues, today \u201cwomen are being disempowered by the very <a href=\"http:\/\/parc-corse.org\/dmdocuments\/pages\/acheter-cialis-quebec-fr.html\">cialis achat securise<\/a> discourses they are being offered as substitutes for feminism\u201d (49), including what she terms the \u201cpostfeminist masquerade\u201d, a social practice <a href=\"http:\/\/parc-corse.org\/dmdocuments\/pages\/ou-acheter-du-cialis-en-suisse-fr.html\">cialis prix boite<\/a> whereby.<\/p>\n<p>A cela, s&#8217;ajoute d&#8217;autres facteurs qui ont un impact negatif <a href=\"http:\/\/www.bloc-rhodia.com\/wp-content\/uploads\/2009\/02\/cialis-generique-avis-fr.html\">quel site pour acheter cialis<\/a> sur la sexualite d&#8217;un diabetique au meme titre que n&#8217;importe quel homme en general.<\/p>\n<p>7 une blessure a la <a href=\"http:\/\/forum-ingenieurs-paris-sud.com\/sample.php?page=conseil-pour-acheter-du-cialis-fr\">cialis achat<\/a> moelle epiniere ou de la faiblesse des nerfs peut empecher un homme d\u2019atteindre erection <a href=\"http:\/\/forum-ingenieurs-paris-sud.com\/sample.php?page=achat-cialis-en-belgique-fr\">achat de cialis sur le net<\/a> ferme.<\/p>\n<p>Certaines femmes souffrant d\u2019incontinence peuvent connaitre des fuites souvent, <a href=\"http:\/\/www.47fm.net\/wp-sample.php?page=cialis-vente-libre-fr\">pharmacie ligne vente cialis<\/a> mais meme des fuites occasionnelles peuvent avoir un effet considerable sur la qualite <a href=\"http:\/\/www.47fm.net\/wp-sample.php?page=quel-site-pour-acheter-cialis-fr\">cialis vente libre espagne<\/a> de vie d\u2019une femme.<\/p>\n<p>Neanmoins, l\u2019anxiete, <a href=\"http:\/\/www.hotel-villamedici.com\/fancybox\/cache\/acheter-cialis-pharmacie-ligne-fr.html\">cialis original en ligne<\/a> la culpabilite, la depression, les relations et les problemes peuvent <a href=\"http:\/\/www.hotel-villamedici.com\/fancybox\/cache\/trouver-cialis-pas-cher-paris-fr.html\">achat de cialis en ligne<\/a> egalement empecher un hommes d\u2019atteindre des erections dures.<\/p>\n<p>Les \u00ab tradipraticiens \u00bb a-t-il ete dit par le <a href=\"http:\/\/www.ersumc.it\/JErsuNew\/video\/ilsogno\/lib\/cialis-pas-cher-suisse-fr.html\">prix cialis ligne<\/a> <a href=\"http:\/\/www.ersumc.it\/JErsuNew\/video\/ilsogno\/lib\/je-veux-acheter-du-cialis-fr.html\">achat cialis ligne france<\/a> professeur attisso dans la mouvance ideologique panafricaniste initiee dans les annees 1960, reprise ulterieurement par l\u2019oms et l\u2019oua.<\/p>\n<p>Intoxications au monoxyde de <a href=\"http:\/\/gabriellieditori.it\/wp-sample.php?page=achat-cialis-soft-quel-site-fr\">acheter cialis a lyon<\/a> carbone \/ novembre 2004 (actualisation novembre 2014).<\/p>\n<p>Irish medical journal &#8211; irish <a href=\"http:\/\/betarenewables.com\/protected\/views\/lib\/acheter-cialis-belgique-fr.html\">vente cialis cameroun<\/a> <a href=\"http:\/\/betarenewables.com\/protected\/views\/lib\/vente-cialis-en-ligne-france-fr.html\">cialis achat en ligne belgique<\/a> medical organisation, ireland multimedia medical journal (text &amp; images).<\/p>\n<\/div>\n","protected":false},"excerpt":{"rendered":"<p>&nbsp; (PDF) 2013-1 Wie Tiere Kinder f\u00f6rdern, Ein Herz f\u00fcr Tiere wenn die Kinder selber f\u00fcrsorglich sind wei\u00df Claudia Moser: Anders als im Unterricht gibt es bei den Tieren keine \u201eunausgesprochenen Vorw\u00fcrfe&#8230;. http:\/\/www.ksta.de\/koeln\/koelnpfad-wandern-durch-raum-und-zeit,15187530,13096482.html 19.09.2015 K\u00f6lnpfad Wandern durch Raum und Zeit &hellip; <a href=\"https:\/\/abenteuer-in-bewegung.de\/?page_id=1122\">Weiterlesen <span class=\"meta-nav\">&rarr;<\/span><\/a><\/p>\n","protected":false},"author":2,"featured_media":0,"parent":0,"menu_order":9,"comment_status":"open","ping_status":"open","template":"","meta":[],"_links":{"self":[{"href":"https:\/\/abenteuer-in-bewegung.de\/index.php?rest_route=\/wp\/v2\/pages\/1122"}],"collection":[{"href":"https:\/\/abenteuer-in-bewegung.de\/index.php?rest_route=\/wp\/v2\/pages"}],"about":[{"href":"https:\/\/abenteuer-in-bewegung.de\/index.php?rest_route=\/wp\/v2\/types\/page"}],"author":[{"embeddable":true,"href":"https:\/\/abenteuer-in-bewegung.de\/index.php?rest_route=\/wp\/v2\/users\/2"}],"replies":[{"embeddable":true,"href":"https:\/\/abenteuer-in-bewegung.de\/index.php?rest_route=%2Fwp%2Fv2%2Fcomments&post=1122"}],"version-history":[{"count":53,"href":"https:\/\/abenteuer-in-bewegung.de\/index.php?rest_route=\/wp\/v2\/pages\/1122\/revisions"}],"predecessor-version":[{"id":3061,"href":"https:\/\/abenteuer-in-bewegung.de\/index.php?rest_route=\/wp\/v2\/pages\/1122\/revisions\/3061"}],"wp:attachment":[{"href":"https:\/\/abenteuer-in-bewegung.de\/index.php?rest_route=%2Fwp%2Fv2%2Fmedia&parent=1122"}],"curies":[{"name":"wp","href":"https:\/\/api.w.org\/{rel}","templated":true}]}}