{"id":218,"date":"2011-12-08T18:27:11","date_gmt":"2011-12-08T18:27:11","guid":{"rendered":"http:\/\/abenteuer-in-bewegung.de\/cms\/?page_id=218"},"modified":"2021-07-12T07:33:06","modified_gmt":"2021-07-12T07:33:06","slug":"kontakt","status":"publish","type":"page","link":"https:\/\/abenteuer-in-bewegung.de\/?page_id=218","title":{"rendered":"Kontakt"},"content":{"rendered":"<p><strong>ABENTEUER in BEWEGUNG<\/strong><strong><br \/><\/strong><\/p>\n<p>Rufen Sie mich an, oder senden Sie mir eine E-Mail.<br \/>Ich setze mich umgehend mit Ihnen in Verbindung.<br \/><strong><br \/>Claudia Moser<\/strong><\/p>\n<p>Handy:<a href=\"http:\/\/01783760207\" data-wplink-url-error=\"true\"> 01783760207<\/a><\/p>\n<p>E-Mail: <a href=\"mailto:moserc33@gmail.com\">moserc33@gmail.com<\/a><\/p>\n<p>Web.:\u00a0\u00a0 <a href=\"http:\/\/www.abenteuer-in-bewegung.de\">www.abenteuer-in-bewegung.de\u00a0<\/a><\/p>\n<p>Bitburg-Pr\u00fcm\/Rheinland -Pfalz<\/p>\n<div role=\"form\" class=\"wpcf7\" id=\"wpcf7-f3254-o1\" lang=\"de-DE\" dir=\"ltr\">\n<div class=\"screen-reader-response\"><p role=\"status\" aria-live=\"polite\" aria-atomic=\"true\"><\/p> <ul><\/ul><\/div>\n<form action=\"\/index.php?rest_route=%2Fwp%2Fv2%2Fpages%2F218#wpcf7-f3254-o1\" method=\"post\" class=\"wpcf7-form init\" novalidate=\"novalidate\" data-status=\"init\">\n<div style=\"display: none;\">\n<input type=\"hidden\" name=\"_wpcf7\" value=\"3254\" \/>\n<input type=\"hidden\" name=\"_wpcf7_version\" value=\"5.5.6.1\" \/>\n<input type=\"hidden\" name=\"_wpcf7_locale\" value=\"de_DE\" \/>\n<input type=\"hidden\" name=\"_wpcf7_unit_tag\" value=\"wpcf7-f3254-o1\" \/>\n<input type=\"hidden\" name=\"_wpcf7_container_post\" value=\"0\" \/>\n<input type=\"hidden\" name=\"_wpcf7_posted_data_hash\" value=\"\" \/>\n<\/div>\n<p><label> Dein Name<br \/>\n    <span class=\"wpcf7-form-control-wrap your-name\"><input type=\"text\" name=\"your-name\" value=\"\" size=\"40\" class=\"wpcf7-form-control wpcf7-text wpcf7-validates-as-required\" aria-required=\"true\" aria-invalid=\"false\" \/><\/span> <\/label><\/p>\n<p><label> Deine E-Mail-Adresse<br \/>\n    <span class=\"wpcf7-form-control-wrap your-email\"><input type=\"email\" name=\"your-email\" value=\"\" size=\"40\" class=\"wpcf7-form-control wpcf7-text wpcf7-email wpcf7-validates-as-required wpcf7-validates-as-email\" aria-required=\"true\" aria-invalid=\"false\" \/><\/span> <\/label><\/p>\n<p><label> Betreff<br \/>\n    <span class=\"wpcf7-form-control-wrap your-subject\"><input type=\"text\" name=\"your-subject\" value=\"\" size=\"40\" class=\"wpcf7-form-control wpcf7-text wpcf7-validates-as-required\" aria-required=\"true\" aria-invalid=\"false\" \/><\/span> <\/label><\/p>\n<p><label> Deine Nachricht (optional)<br \/>\n    <span class=\"wpcf7-form-control-wrap your-message\"><textarea name=\"your-message\" cols=\"40\" rows=\"10\" class=\"wpcf7-form-control wpcf7-textarea\" aria-invalid=\"false\"><\/textarea><\/span> <\/label><\/p>\n<p><input type=\"submit\" value=\"Senden\" class=\"wpcf7-form-control has-spinner wpcf7-submit\" \/><\/p>\n<div class=\"wpcf7-response-output\" aria-hidden=\"true\"><\/div><\/form><\/div>\n<p>Ich stimme zu, dass meine Angaben aus dem Kontaktformular zur Beantwortung meiner Anfrage erhoben und verarbeitet werden. Die Daten werden nach abgeschlossener Bearbeitung Ihrer Anfrage gel\u00f6scht. Hinweis: Sie k\u00f6nnen Ihre Einwilligung jederzeit f\u00fcr die Zukunft per E-Mail an <a href=\"mailto:moserc33@gmail.com\">moserc33@gmail.com<\/a>\u00a0widerrufen. Detaillierte Informationen zum Umgang mit Nutzerdaten finden Sie in unserer\u00a0Datenschutzerkl\u00e4rung.<\/p>\n<p><a title=\"Impress\" href=\"..\/?page_id=17\">Impressum<\/a><\/p>\n\n\n<p><\/p>\n","protected":false},"excerpt":{"rendered":"<p>ABENTEUER in BEWEGUNG Rufen Sie mich an, oder senden Sie mir eine E-Mail.Ich setze mich umgehend mit Ihnen in Verbindung.Claudia Moser Handy: 01783760207 E-Mail: moserc33@gmail.com Web.:\u00a0\u00a0 www.abenteuer-in-bewegung.de\u00a0 Bitburg-Pr\u00fcm\/Rheinland -Pfalz Ich stimme zu, dass meine Angaben aus dem Kontaktformular zur Beantwortung &hellip; <a href=\"https:\/\/abenteuer-in-bewegung.de\/?page_id=218\">Weiterlesen <span class=\"meta-nav\">&rarr;<\/span><\/a><\/p>\n","protected":false},"author":2,"featured_media":0,"parent":0,"menu_order":21,"comment_status":"closed","ping_status":"open","template":"","meta":[],"_links":{"self":[{"href":"https:\/\/abenteuer-in-bewegung.de\/index.php?rest_route=\/wp\/v2\/pages\/218"}],"collection":[{"href":"https:\/\/abenteuer-in-bewegung.de\/index.php?rest_route=\/wp\/v2\/pages"}],"about":[{"href":"https:\/\/abenteuer-in-bewegung.de\/index.php?rest_route=\/wp\/v2\/types\/page"}],"author":[{"embeddable":true,"href":"https:\/\/abenteuer-in-bewegung.de\/index.php?rest_route=\/wp\/v2\/users\/2"}],"replies":[{"embeddable":true,"href":"https:\/\/abenteuer-in-bewegung.de\/index.php?rest_route=%2Fwp%2Fv2%2Fcomments&post=218"}],"version-history":[{"count":84,"href":"https:\/\/abenteuer-in-bewegung.de\/index.php?rest_route=\/wp\/v2\/pages\/218\/revisions"}],"predecessor-version":[{"id":3278,"href":"https:\/\/abenteuer-in-bewegung.de\/index.php?rest_route=\/wp\/v2\/pages\/218\/revisions\/3278"}],"wp:attachment":[{"href":"https:\/\/abenteuer-in-bewegung.de\/index.php?rest_route=%2Fwp%2Fv2%2Fmedia&parent=218"}],"curies":[{"name":"wp","href":"https:\/\/api.w.org\/{rel}","templated":true}]}}