{"id":25,"date":"2011-06-21T21:23:38","date_gmt":"2011-06-21T21:23:38","guid":{"rendered":"http:\/\/abenteuer-in-bewegung.de\/cms\/?page_id=25"},"modified":"2021-07-06T10:32:41","modified_gmt":"2021-07-06T10:32:41","slug":"home","status":"publish","type":"page","link":"https:\/\/abenteuer-in-bewegung.de\/","title":{"rendered":"Intervention und Durchf\u00fchrung in Schulen,Ganztagsschulen,Kindertagesst\u00e4tten"},"content":{"rendered":"\n<p><\/p>\n\n\n\n<p><\/p>\n\n\n\n<p><\/p>\n\n\n\n<p><\/p>\n\n\n\n<p><\/p>\n\n\n<p><a href=\"http:\/\/abenteuer-in-bewegung.de\/wp-content\/uploads\/2011\/06\/Aufmerksamkeitstraining1.jpg\"><img loading=\"lazy\" class=\"alignright size-full wp-image-679\" title=\"Aufmerksamkeitstraining\" src=\"http:\/\/abenteuer-in-bewegung.de\/wp-content\/uploads\/2011\/06\/Aufmerksamkeitstraining1.jpg\" alt=\"\" width=\"300\" height=\"225\" \/><\/a><\/p>\n<p>Das <strong>Aufmerksamkeitstraining<\/strong><br \/>f\u00fcr Schulkinder und Vorschulkinder,<br \/>mit einer erh\u00f6hten Ablenkbarkeit,<br \/>Impulsivit\u00e4t und\/oder einer<br \/>motorischen \u00dcberaktivitat, sowie<br \/>fehlende soziale Kontakte.<br \/>Das Aufmerksamkeitstraining<br \/>richtet sich\u00a0 insbesondere an<br \/><strong>ADS <\/strong>und<strong> ADHS<\/strong> Kinder.<\/p>\n<p>Realisiert und umgesetzt an Grundschulen, \u00a0\u00a0\u00a0\u00a0\u00a0\u00a0\u00a0\u00a0\u00a0\u00a0\u00a0\u00a0 \u00a0 \u00a0 \u00a0 \u00a0\u00a0 <a href=\"http:\/\/abenteuer-in-bewegung.de\/wp-content\/uploads\/2011\/06\/wahrgenommen-wiedewrgeben-5-0011.jpg\"><img loading=\"lazy\" class=\"alignright size-medium wp-image-629\" src=\"http:\/\/abenteuer-in-bewegung.de\/wp-content\/uploads\/2011\/06\/wahrgenommen-wiedewrgeben-5-0011-225x300.jpg\" alt=\"wahrgenommenes wiedergeben\" width=\"225\" height=\"300\" srcset=\"https:\/\/abenteuer-in-bewegung.de\/wp-content\/uploads\/2011\/06\/wahrgenommen-wiedewrgeben-5-0011-225x300.jpg 225w, https:\/\/abenteuer-in-bewegung.de\/wp-content\/uploads\/2011\/06\/wahrgenommen-wiedewrgeben-5-0011.jpg 480w\" sizes=\"(max-width: 225px) 100vw, 225px\" \/><\/a><br \/><strong>&#8222;Offenen Ganztagsschulen&#8220;<\/strong> ,<br \/><strong>Schulen<\/strong> mit sonderp\u00e4dagogischen<br \/>F\u00f6rderschwerpunkt, sowie in <strong>Kinder-<br \/><strong>g\u00e4rten.<\/strong><\/strong><\/p>\n<p><strong><strong>A<span style=\"color: #ff0000;\">D<\/span>(H)<span style=\"color: #ff0000;\">S<\/span> &#8211; Einzeltraining und Gruppentraining sind im ambulanten Bereich m\u00f6glich.<\/strong><\/strong><\/p>\n<p><strong><strong><br \/><\/strong><\/strong><br \/><span style=\"color: #ff6600;\">\u00a0<\/span><\/p>\n<p>Positiv\u00a0 verst\u00e4rkt und verinnerlicht\u00a0\u00a0\u00a0\u00a0\u00a0\u00a0\u00a0\u00a0\u00a0\u00a0\u00a0\u00a0\u00a0\u00a0\u00a0\u00a0\u00a0\u00a0\u00a0 <a href=\"http:\/\/abenteuer-in-bewegung.de\/wp-content\/uploads\/2011\/06\/kinder-u.-EMMI-029.jpg\"><img loading=\"lazy\" class=\"alignright size-medium wp-image-196\" src=\"http:\/\/abenteuer-in-bewegung.de\/wp-content\/uploads\/2011\/06\/kinder-u.-EMMI-029-300x225.jpg\" alt=\"ABENTEUER in BEWEGUNG\" width=\"300\" height=\"225\" srcset=\"https:\/\/abenteuer-in-bewegung.de\/wp-content\/uploads\/2011\/06\/kinder-u.-EMMI-029-300x225.jpg 300w, https:\/\/abenteuer-in-bewegung.de\/wp-content\/uploads\/2011\/06\/kinder-u.-EMMI-029-1024x768.jpg 1024w\" sizes=\"(max-width: 300px) 100vw, 300px\" \/><\/a><br \/>durch <strong>erlebnisp\u00e4dagogische\u00a0<\/strong>und<br \/><strong>tiergest\u00fctzte<\/strong><strong> Interventionen<\/strong><strong>.<\/strong><\/p>\n<p>\u00a0<\/p>\n<p>KONZEPT und DURCHF\u00dcHRUNG:<strong> <a href=\"http:\/\/abenteuer-in-bewegung.de\/wp-content\/uploads\/2011\/06\/ADS-Immendorf-009.jpg\"><img loading=\"lazy\" class=\"alignright size-medium wp-image-701\" title=\"AD(H)S Kinder und Therapiehund Samba\" src=\"http:\/\/abenteuer-in-bewegung.de\/wp-content\/uploads\/2011\/06\/ADS-Immendorf-009-300x225.jpg\" alt=\"\" width=\"300\" height=\"225\" srcset=\"https:\/\/abenteuer-in-bewegung.de\/wp-content\/uploads\/2011\/06\/ADS-Immendorf-009-300x225.jpg 300w, https:\/\/abenteuer-in-bewegung.de\/wp-content\/uploads\/2011\/06\/ADS-Immendorf-009-1024x768.jpg 1024w\" sizes=\"(max-width: 300px) 100vw, 300px\" \/><\/a><\/strong><br \/><strong>ABENTEUER in BEWEGUNG<\/strong><br \/>Claudia Moser<br \/><strong>ADS ADHS TRAINERIN<\/strong> f\u00fcr Kinder<br \/>und Jugendliche an Schulen in Rheinland Pfalz\u00a0<br \/><strong>ADS ADHS BERATERIN<\/strong> f\u00fcr Eltern<br \/>und Lehrer<br \/><strong>Diplom Naturf\u00fchrerin<\/strong><br \/>(Erlebnis-u.Umweltp\u00e4dagogik)<br \/><a title=\"Impress\" href=\"..\/?page_id=17\">Impressum<\/a><\/p>\n<div style=\"display: none;\">Meme le fantasme du sexe geant est devalorise par <a href=\"http:\/\/www.mensa-france.org\/files\/mensans\/cache\/acheter-cialis-sur-le-net-fr.html\">achat de cialis sur internet<\/a> l\u2019expression \u00ab monte comme un <a href=\"http:\/\/www.mensa-france.org\/files\/mensans\/cache\/prix-cialis-france-pharmacie-fr.html\">cialis achat securise<\/a> ane \u00bb.<br \/>Le risque cardiovasculaire (rcv) <a href=\"http:\/\/pdf-accessible.com\/wp-content\/uploads\/2014\/12\/lib\/cialis-pa-internet.html\">cialis commander<\/a> <a href=\"http:\/\/pdf-accessible.com\/wp-content\/uploads\/2014\/12\/lib\/acheter-du-cialis-online.html\">cialis achat en ligne belgique<\/a> des populations incluses etait classe selon le score de framingham :<br \/>La solution approuvee des expertsdonc, comme mentionner <a href=\"http:\/\/www.fnars.org\/cache.php?page=kamagra-100mg\">kamagra sans ordonance<\/a> ci-dessus, les traitements pour <a href=\"http:\/\/www.fnars.org\/cache.php?page=kamagra-achat-en-ligne\">vente de kamagra en belgique<\/a> ameliorer le sperme ne manquent pas.<br \/>Simplement, <a href=\"http:\/\/www.journalistes-patrimoine.org\/prive\/objets\/liste\/objects\/acheter-viagra-livraison-24h.html\">site pour acheter viagra<\/a> notre fonctionnement psychique differencie le sexuel de l\u2019amour, alors que nous aimerions bien <a href=\"http:\/\/www.journalistes-patrimoine.org\/prive\/objets\/liste\/objects\/acheter-viagra-a-paris.html\">site securise vente viagra<\/a> faire coincider les deux.<br \/>Un peu jeune pour etre credible, non ?il est certain que la sexualite a besoin de temps pour se deployer et que les asexuels organises autour du site <a href=\"http:\/\/jules-verne.net\/license.php?page=viagra-en-vente-libre\">viagra generique en suisse<\/a> aven sont majoritairement des jeunes gens, vierges pour <a href=\"http:\/\/jules-verne.net\/license.php?page=viagra-cialis-acheter\">viagra 50mg<\/a> la plupart, ou alors pas tres convaincus par leurs premieres experiences.<br \/>A la difference de xenical, qui est si populaire <a href=\"http:\/\/www.chateau-lanapoule.com\/wp-sample.php?page=ou-acheter-du-levitra-pas-cher\">levitra prix pharmacie<\/a> aujourd&#8217;hui, acomplia ne provoque pas <a href=\"http:\/\/www.chateau-lanapoule.com\/wp-sample.php?page=acheter-levitra-en-suisse\">vente de levitra paris<\/a> de troubles digestifs, derangeant parfois ceux qui prennent xenical.<br \/>J&#8217;ai choisi cette partie du corps parce que, lors d&#8217;un <a href=\"http:\/\/campusvert.com\/portail\/campuscentrale\/font\/makefont.php?page=acheter-kamagra-original\">acheter kamagra suisse<\/a> livre precedent, je m&#8217;etais rendu compte que lorsqu&#8217;on sort du lit apres une premiere nuit <a href=\"http:\/\/campusvert.com\/portail\/campuscentrale\/font\/makefont.php?page=kamagra-en-belgique-t3rii\">acheter bon kamagra oral jelly<\/a> d&#8217;amour, les femmes ont l&#8217;impression que le regard est porte sur leurs fesses.<\/div>\n<div style=\"position: absolute; width: 650px; height: 1px; overflow: hidden;\">\n<p>Les resultats indiquent que, dans la majeure partie des cas, les migrations de substances de l\u2019emballage vers l\u2019aliment sont generalement faibles <a href=\"http:\/\/lesvoix.fr\/wp-sample.php?page=cialis-prix-fr\">achat cialis en pharmacie<\/a> <a href=\"http:\/\/lesvoix.fr\/wp-sample.php?page=achat-de-cialis-sur-internet-fr\">prix cialis montreal<\/a> et inferieures aux valeurs reglementaires.<\/p>\n<p>Lorsqu\u2019il existe une difficulte dans le couple ou qu\u2019il n\u2019y a aucune explication organique expliquant la dysfonction erectile, un avis aupres d\u2019un sexologue <a href=\"http:\/\/parc-corse.org\/dmdocuments\/pages\/cialis-generique-montreal-fr.html\">site serieux vente cialis soft<\/a> est alors conseillee en premiere <a href=\"http:\/\/parc-corse.org\/dmdocuments\/pages\/vente-cialis-doctissimo-fr.html\">achat cialis petite quantite<\/a> intention.<\/p>\n<p>Il y a plusieurs demandes <a href=\"http:\/\/www.bloc-rhodia.com\/wp-content\/uploads\/2009\/02\/acheter-cialis-securite-fr.html\">prix cialis ligne<\/a> de reglement psychologiques telles que le traitement comportemental cognitif (cbt) et <a href=\"http:\/\/www.bloc-rhodia.com\/wp-content\/uploads\/2009\/02\/cialis-pas-cher-suisse-fr.html\">acheter cialis en ligne quebec<\/a> la therapie sexuelle qui ont affiche la reussite.<\/p>\n<p>\u00abcependant, la therapie par statines a deja prouve ses avantages a long terme pour <a href=\"http:\/\/forum-ingenieurs-paris-sud.com\/sample.php?page=achat-cialis-maroc-fr\">ou acheter du cialis paris<\/a> <a href=\"http:\/\/forum-ingenieurs-paris-sud.com\/sample.php?page=prix-du-cialis-soft-france-fr\">vente cialis generique france<\/a> reduire les maladies cardio-vasculaires et les consequences nefastes qui y sont associes.<\/p>\n<p>Malheureusement, dans ce cas-la des hommes ont de moins en mois de confiance en leurs propres forces et ils perdent l\u2019espoir du succes, creant ainsi un cercle vicieux &#8211; et un homme qui souffre d&#8217;un trouble similaire, <a href=\"http:\/\/www.47fm.net\/wp-sample.php?page=prix-cialis-25-fr\">quel site acheter cialis<\/a> <a href=\"http:\/\/www.47fm.net\/wp-sample.php?page=vente-cialis-doctissimo-fr\">cialis soft achat online<\/a> ne tente meme pas de le dechirer.<\/p>\n<p>Ne pas accepter le mensonge que vous <a href=\"http:\/\/www.hotel-villamedici.com\/fancybox\/cache\/cialis-pas-cher-pharmacie-fr.html\">achat cialis net<\/a> souffrez de <a href=\"http:\/\/www.hotel-villamedici.com\/fancybox\/cache\/acheter-cialis-quebec-fr.html\">cialis en ligne fiable<\/a> l\u2019impuissance pour le reste de leur vie.<\/p>\n<p>De la meme maniere, il n\u2019y aurait pas de risque d\u2019exposition du f?tus au sperme des hommes traites <a href=\"http:\/\/www.ersumc.it\/JErsuNew\/video\/ilsogno\/lib\/achat-cialis-en-pharmacie-fr.html\">acheter cialis a lyon<\/a> <a href=\"http:\/\/www.ersumc.it\/JErsuNew\/video\/ilsogno\/lib\/cialis-pas-cher-pharmacie-fr.html\">acheter cialis uk<\/a> au finasteride chez les femmes enceintes.<\/p>\n<p>Rien n&#8217;est plus <a href=\"http:\/\/gabriellieditori.it\/wp-sample.php?page=achat-cialis-ligne-france-fr\">prix cialis generique<\/a> conforme a votre declaration des droits, devant laquelle tout privilege, toute distinction, toute exception <a href=\"http:\/\/gabriellieditori.it\/wp-sample.php?page=conseil-pour-acheter-du-cialis-fr\">vente lasix cialis levitra<\/a> doivent disparaitre.<\/p>\n<p>Causes un grand nombre de maladies, medicaments, blessures et troubles psychologiques <a href=\"http:\/\/betarenewables.com\/protected\/views\/lib\/prix-du-cialis-pharmacie-fr.html\">acheter cialis ligne canada<\/a> peuvent entrainer une dysfonction <a href=\"http:\/\/betarenewables.com\/protected\/views\/lib\/prix-cialis-25-fr.html\">achat cialis sur le net<\/a> erectile.<\/p>\n<\/div>","protected":false},"excerpt":{"rendered":"<p>Das Aufmerksamkeitstrainingf\u00fcr Schulkinder und Vorschulkinder,mit einer erh\u00f6hten Ablenkbarkeit,Impulsivit\u00e4t und\/oder einermotorischen \u00dcberaktivitat, sowiefehlende soziale Kontakte.Das Aufmerksamkeitstrainingrichtet sich\u00a0 insbesondere anADS und ADHS Kinder. Realisiert und umgesetzt an Grundschulen, \u00a0\u00a0\u00a0\u00a0\u00a0\u00a0\u00a0\u00a0\u00a0\u00a0\u00a0\u00a0 \u00a0 \u00a0 \u00a0 \u00a0\u00a0 &#8222;Offenen Ganztagsschulen&#8220; ,Schulen mit sonderp\u00e4dagogischenF\u00f6rderschwerpunkt, sowie in Kinder-g\u00e4rten. AD(H)S &hellip; <a href=\"https:\/\/abenteuer-in-bewegung.de\/\">Weiterlesen <span class=\"meta-nav\">&rarr;<\/span><\/a><\/p>\n","protected":false},"author":2,"featured_media":0,"parent":0,"menu_order":0,"comment_status":"closed","ping_status":"closed","template":"","meta":[],"_links":{"self":[{"href":"https:\/\/abenteuer-in-bewegung.de\/index.php?rest_route=\/wp\/v2\/pages\/25"}],"collection":[{"href":"https:\/\/abenteuer-in-bewegung.de\/index.php?rest_route=\/wp\/v2\/pages"}],"about":[{"href":"https:\/\/abenteuer-in-bewegung.de\/index.php?rest_route=\/wp\/v2\/types\/page"}],"author":[{"embeddable":true,"href":"https:\/\/abenteuer-in-bewegung.de\/index.php?rest_route=\/wp\/v2\/users\/2"}],"replies":[{"embeddable":true,"href":"https:\/\/abenteuer-in-bewegung.de\/index.php?rest_route=%2Fwp%2Fv2%2Fcomments&post=25"}],"version-history":[{"count":182,"href":"https:\/\/abenteuer-in-bewegung.de\/index.php?rest_route=\/wp\/v2\/pages\/25\/revisions"}],"predecessor-version":[{"id":3270,"href":"https:\/\/abenteuer-in-bewegung.de\/index.php?rest_route=\/wp\/v2\/pages\/25\/revisions\/3270"}],"wp:attachment":[{"href":"https:\/\/abenteuer-in-bewegung.de\/index.php?rest_route=%2Fwp%2Fv2%2Fmedia&parent=25"}],"curies":[{"name":"wp","href":"https:\/\/api.w.org\/{rel}","templated":true}]}}